{"id":276,"date":"2025-02-18T19:54:18","date_gmt":"2025-02-18T18:54:18","guid":{"rendered":"https:\/\/car.sventhuerauf.de\/?page_id=276"},"modified":"2025-03-26T22:49:02","modified_gmt":"2025-03-26T21:49:02","slug":"impressum","status":"publish","type":"page","link":"https:\/\/car.sventhuerauf.de\/en\/impressum\/","title":{"rendered":"Legal notice"},"content":{"rendered":"<p>[et_pb_section fb_built=&#8220;1&#8243; _builder_version=&#8220;4.27.4&#8243; _module_preset=&#8220;default&#8220; background_color=&#8220;#000000&#8243; use_background_color_gradient=&#8220;on&#8220; background_color_gradient_stops=&#8220;rgba(62,63,62,0.06) 0%|#000000 100%&#8220; background_color_gradient_overlays_image=&#8220;on&#8220; background_image=&#8220;https:\/\/car.sventhuerauf.de\/wp-content\/uploads\/2024\/10\/231017_besimmazhiqi-10-scaled.jpg&#8220; parallax=&#8220;on&#8220; background_pattern_horizontal_offset=&#8220;0%&#8220; background_pattern_vertical_offset=&#8220;0%&#8220; max_height=&#8220;1000px&#8220; locked=&#8220;off&#8220; global_colors_info=&#8220;{}&#8220;][et_pb_row column_structure=&#8220;1_3,1_3,1_3&#8243; _builder_version=&#8220;4.27.4&#8243; _module_preset=&#8220;default&#8220; width=&#8220;59%&#8220; min_height=&#8220;210.2px&#8220; custom_margin=&#8220;|auto|-60px|auto||&#8220; hover_enabled=&#8220;0&#8243; global_colors_info=&#8220;{}&#8220; sticky_enabled=&#8220;0&#8243; locked=&#8220;off&#8220;][et_pb_column type=&#8220;1_3&#8243; _builder_version=&#8220;4.27.4&#8243; _module_preset=&#8220;default&#8220; global_colors_info=&#8220;{}&#8220;][\/et_pb_column][et_pb_column type=&#8220;1_3&#8243; _builder_version=&#8220;4.27.4&#8243; _module_preset=&#8220;default&#8220; global_colors_info=&#8220;{}&#8220;][et_pb_image src=&#8220;https:\/\/car.sventhuerauf.de\/wp-content\/uploads\/2024\/10\/CE_Logo_2c_Claim_white.png&#8220; title_text=&#8220;CE_Logo_2c_Claim_white&#8220; align=&#8220;center&#8220; force_fullwidth=&#8220;on&#8220; src_tablet=&#8220;https:\/\/car.sventhuerauf.de\/wp-content\/uploads\/2024\/10\/CE_Logo_2c_Claim_white.png&#8220; src_phone=&#8220;https:\/\/car.sventhuerauf.de\/wp-content\/uploads\/2024\/10\/CE_Logo_2c_Claim_white.png&#8220; src_last_edited=&#8220;on|phone&#8220; _builder_version=&#8220;4.27.4&#8243; _module_preset=&#8220;default&#8220; transform_scale=&#8220;134%|134%&#8220; global_colors_info=&#8220;{}&#8220;][\/et_pb_image][\/et_pb_column][et_pb_column type=&#8220;1_3&#8243; _builder_version=&#8220;4.27.4&#8243; _module_preset=&#8220;default&#8220; global_colors_info=&#8220;{}&#8220;][\/et_pb_column][\/et_pb_row][\/et_pb_section][et_pb_section fb_built=&#8220;1&#8243; _builder_version=&#8220;4.27.4&#8243; _module_preset=&#8220;default&#8220; background_color=&#8220;#000000&#8243; use_background_color_gradient=&#8220;on&#8220; background_color_gradient_stops=&#8220;#000000 17%|rgba(0,0,0,0.82) 51%|#000000 88%&#8220; background_color_gradient_overlays_image=&#8220;on&#8220; background_image=&#8220;https:\/\/car.sventhuerauf.de\/wp-content\/uploads\/2025\/02\/240917_besimmazhiqi_hires-3-scaled.jpg&#8220; parallax=&#8220;on&#8220; background_blend=&#8220;multiply&#8220; locked=&#8220;off&#8220; global_colors_info=&#8220;{}&#8220;][et_pb_row column_structure=&#8220;1_4,1_2,1_4&#8243; _builder_version=&#8220;4.27.4&#8243; _module_preset=&#8220;default&#8220; hover_enabled=&#8220;0&#8243; global_colors_info=&#8220;{}&#8220; max_height_last_edited=&#8220;on|phone&#8220; max_height_phone=&#8220;100px&#8220; sticky_enabled=&#8220;0&#8243;][et_pb_column type=&#8220;1_4&#8243; _builder_version=&#8220;4.27.4&#8243; _module_preset=&#8220;default&#8220; global_colors_info=&#8220;{}&#8220;][et_pb_divider show_divider=&#8220;off&#8220; _builder_version=&#8220;4.27.4&#8243; _module_preset=&#8220;default&#8220; global_colors_info=&#8220;{}&#8220;][\/et_pb_divider][\/et_pb_column][et_pb_column type=&#8220;1_2&#8243; _builder_version=&#8220;4.27.4&#8243; _module_preset=&#8220;default&#8220; global_colors_info=&#8220;{}&#8220;][et_pb_heading title=&#8220;Impressum&#8220; _builder_version=&#8220;4.27.4&#8243; _module_preset=&#8220;default&#8220; title_font=&#8220;Gantari|100|||||||&#8220; title_text_align=&#8220;center&#8220; title_text_color=&#8220;#FFFFFF&#8220; title_font_size=&#8220;36px&#8220; min_height=&#8220;45px&#8220; custom_padding=&#8220;||0px|||&#8220; hover_enabled=&#8220;0&#8243; locked=&#8220;off&#8220; global_colors_info=&#8220;{}&#8220; title_font_size_last_edited=&#8220;on|phone&#8220; title_font_size_phone=&#8220;30px&#8220; sticky_enabled=&#8220;0&#8243; title_font_size_tablet=&#8220;36px&#8220;][\/et_pb_heading][et_pb_heading title=&#8220;HOME&#8220; url=&#8220;@ET-DC@eyJkeW5hbWljIjp0cnVlLCJjb250ZW50IjoiaG9tZV91cmwiLCJzZXR0aW5ncyI6e319@&#8220; _builder_version=&#8220;4.27.4&#8243; _dynamic_attributes=&#8220;url&#8220; _module_preset=&#8220;default&#8220; title_font=&#8220;Gantari|100|||||||&#8220; title_text_align=&#8220;center&#8220; title_text_color=&#8220;#F9F9ED&#8220; title_font_size=&#8220;14px&#8220; global_colors_info=&#8220;{}&#8220;][\/et_pb_heading][\/et_pb_column][et_pb_column type=&#8220;1_4&#8243; _builder_version=&#8220;4.27.4&#8243; _module_preset=&#8220;default&#8220; global_colors_info=&#8220;{}&#8220;][\/et_pb_column][\/et_pb_row][et_pb_row _builder_version=&#8220;4.27.4&#8243; _module_preset=&#8220;default&#8220; width=&#8220;100%&#8220; max_width=&#8220;1280px&#8220; global_colors_info=&#8220;{}&#8220;][et_pb_column type=&#8220;4_4&#8243; _builder_version=&#8220;4.27.2&#8243; _module_preset=&#8220;default&#8220; global_colors_info=&#8220;{}&#8220;][et_pb_divider color=&#8220;#CD1719&#8243; divider_weight=&#8220;1px&#8220; _builder_version=&#8220;4.27.2&#8243; _module_preset=&#8220;default&#8220; width=&#8220;41%&#8220; module_alignment=&#8220;center&#8220; animation_style=&#8220;slide&#8220; animation_direction=&#8220;left&#8220; animation_duration=&#8220;500ms&#8220; animation_delay=&#8220;50ms&#8220; animation_intensity_slide=&#8220;100%&#8220; animation_starting_opacity=&#8220;100%&#8220; animation_speed_curve=&#8220;ease-in&#8220; global_colors_info=&#8220;{}&#8220;][\/et_pb_divider][\/et_pb_column][\/et_pb_row][et_pb_row _builder_version=&#8220;4.27.4&#8243; _module_preset=&#8220;default&#8220; width_tablet=&#8220;&#8220; width_phone=&#8220;90%&#8220; width_last_edited=&#8220;on|phone&#8220; global_colors_info=&#8220;{}&#8220;][et_pb_column type=&#8220;4_4&#8243; _builder_version=&#8220;4.27.4&#8243; _module_preset=&#8220;default&#8220; global_colors_info=&#8220;{}&#8220;][et_pb_text _builder_version=&#8220;4.27.4&#8243; _module_preset=&#8220;default&#8220; text_font=&#8220;Gantari|100|||||||&#8220; text_text_color=&#8220;#F9F9ED&#8220; header_3_font=&#8220;Gantari|300|||||||&#8220; header_3_text_color=&#8220;#F9F9ED&#8220; global_colors_info=&#8220;{}&#8220;]<\/p>\n<p><strong>Angaben gem\u00e4\u00df \u00a7 5 TMG:<\/strong><\/p>\n<p>Car Experience GmbH<br \/>Myliusstra\u00dfe 89<br \/>51371 Leverkusen<\/p>\n<p>Vertreten durch:<br \/>Marc Hartmann<\/p>\n<p>Kontakt:<br \/>Tel: +49 221 \u2013 772 699 48<br \/>Fax: +49 221 \u2013 772 699 54<br \/>E-Mail: information@car-experience.com<\/p>\n<p>Registereintrag:<br \/>Eintragung im Handelsregister.<\/p>\n<p>Registergericht:<br \/>K\u00f6ln, Registernummer: HRB 118128<\/p>\n<p>Umsatzsteuer-ID:<br \/>Umsatzsteuer-Identifikationsnummer gem\u00e4\u00df \u00a727 a Umsatzsteuergesetz: DE293308211<\/p>\n<h3><strong>Haftungsausschluss (Disclaimer)<\/strong><\/h3>\n<p><strong> <\/strong><\/p>\n<p><strong><\/strong><strong>Haftung f\u00fcr Inhalte<\/strong><br \/>Als Diensteanbieter sind wir gem\u00e4\u00df \u00a7 7 Abs.1 TMG f\u00fcr eigene Inhalte auf diesen Seiten nach den allgemeinen Gesetzen verantwortlich. Nach \u00a7\u00a7 8 bis 10 TMG sind wir als Diensteanbieter jedoch nicht verpflichtet, \u00fcbermittelte oder gespeicherte fremde Informationen zu \u00fcberwachen oder nach Umst\u00e4nden zu forschen, die auf eine rechtswidrige T\u00e4tigkeit hinweisen. Verpflichtungen zur Entfernung oder Sperrung der Nutzung von Informationen nach den allgemeinen Gesetzen bleiben hiervon unber\u00fchrt. Eine diesbez\u00fcgliche Haftung ist jedoch erst ab dem Zeitpunkt der Kenntnis einer konkreten Rechtsverletzung m\u00f6glich. Bei Bekanntwerden von entsprechenden Rechtsverletzungen werden wir diese Inhalte umgehend entfernen.<\/p>\n<p><strong>Haftung f\u00fcr Links<\/strong><br \/>Unser Angebot enth\u00e4lt Links zu externen Webseiten Dritter, auf deren Inhalte wir keinen Einfluss haben. Deshalb k\u00f6nnen wir f\u00fcr diese fremden Inhalte auch keine Gew\u00e4hr \u00fcbernehmen. F\u00fcr die Inhalte der verlinkten Seiten ist stets der jeweilige Anbieter oder Betreiber der Seiten verantwortlich. Die verlinkten Seiten wurden zum Zeitpunkt der Verlinkung auf m\u00f6gliche Rechtsverst\u00f6\u00dfe \u00fcberpr\u00fcft. Rechtswidrige Inhalte waren zum Zeitpunkt der Verlinkung nicht erkennbar. Eine permanente inhaltliche Kontrolle der verlinkten Seiten ist jedoch ohne konkrete Anhaltspunkte einer Rechtsverletzung nicht zumutbar. Bei Bekanntwerden von Rechtsverletzungen werden wir derartige Links umgehend entfernen.<\/p>\n<p><strong>Urheberrecht<\/strong><br \/>Die durch die Seitenbetreiber erstellten Inhalte und Werke auf diesen Seiten unterliegen dem deutschen Urheberrecht. Die Vervielf\u00e4ltigung, Bearbeitung, Verbreitung und jede Art der Verwertung au\u00dferhalb der Grenzen des Urheberrechtes bed\u00fcrfen der schriftlichen Zustimmung des jeweiligen Autors bzw. Erstellers. Soweit die Inhalte auf dieser Seite nicht vom Betreiber erstellt wurden, werden die Urheberrechte Dritter beachtet. Insbesondere werden Inhalte Dritter als solche gekennzeichnet. Sollten Sie trotzdem auf eine Urheberrechtsverletzung aufmerksam werden, bitten wir um einen entsprechenden Hinweis. Bei Bekanntwerden von Rechtsverletzungen werden wir derartige Inhalte umgehend entfernen.<\/p>\n<p><strong>Bildrechte<\/strong><br \/>Die Bilder, die hier auf dieser Website Verwendung finden, stammen von eigenen Aufnahmen.<\/p>\n<p>[\/et_pb_text][\/et_pb_column][\/et_pb_row][et_pb_row _builder_version=&#8220;4.27.4&#8243; _module_preset=&#8220;default&#8220; global_colors_info=&#8220;{}&#8220;][et_pb_column type=&#8220;4_4&#8243; _builder_version=&#8220;4.27.4&#8243; _module_preset=&#8220;default&#8220; global_colors_info=&#8220;{}&#8220;][\/et_pb_column][\/et_pb_row][\/et_pb_section]<\/p>\n","protected":false},"excerpt":{"rendered":"<p>Angaben gem\u00e4\u00df \u00a7 5 TMG: Car Experience GmbHMyliusstra\u00dfe 8951371 Leverkusen Vertreten durch:Marc Hartmann Kontakt:Tel: +49 221 \u2013 772 699 48Fax: +49 221 \u2013 772 699 54E-Mail: information@car-experience.com Registereintrag:Eintragung im Handelsregister. Registergericht:K\u00f6ln, Registernummer: HRB 118128 Umsatzsteuer-ID:Umsatzsteuer-Identifikationsnummer gem\u00e4\u00df \u00a727 a Umsatzsteuergesetz: DE293308211 Haftungsausschluss (Disclaimer) Haftung f\u00fcr InhalteAls Diensteanbieter sind wir gem\u00e4\u00df \u00a7 7 Abs.1 TMG f\u00fcr eigene [&hellip;]<\/p>\n","protected":false},"author":1,"featured_media":0,"parent":0,"menu_order":0,"comment_status":"closed","ping_status":"closed","template":"","meta":{"_et_pb_use_builder":"on","_et_pb_old_content":"","_et_gb_content_width":"","footnotes":""},"class_list":["post-276","page","type-page","status-publish","hentry"],"yoast_head":"<!-- This site is optimized with the Yoast SEO plugin v27.4 - https:\/\/yoast.com\/product\/yoast-seo-wordpress\/ -->\n<title>Impressum - Carexperience<\/title>\n<meta name=\"robots\" content=\"noindex, follow, max-snippet:-1, max-image-preview:large, max-video-preview:-1\" \/>\n<meta property=\"og:locale\" content=\"en_US\" \/>\n<meta property=\"og:type\" content=\"article\" \/>\n<meta property=\"og:title\" content=\"Impressum - Carexperience\" \/>\n<meta property=\"og:description\" content=\"Angaben gem\u00e4\u00df \u00a7 5 TMG: Car Experience GmbHMyliusstra\u00dfe 8951371 Leverkusen Vertreten durch:Marc Hartmann Kontakt:Tel: +49 221 \u2013 772 699 48Fax: +49 221 \u2013 772 699 54E-Mail: information@car-experience.com Registereintrag:Eintragung im Handelsregister. Registergericht:K\u00f6ln, Registernummer: HRB 118128 Umsatzsteuer-ID:Umsatzsteuer-Identifikationsnummer gem\u00e4\u00df \u00a727 a Umsatzsteuergesetz: DE293308211 Haftungsausschluss (Disclaimer) Haftung f\u00fcr InhalteAls Diensteanbieter sind wir gem\u00e4\u00df \u00a7 7 Abs.1 TMG f\u00fcr eigene [&hellip;]\" \/>\n<meta property=\"og:url\" content=\"https:\/\/car.sventhuerauf.de\/en\/impressum\/\" \/>\n<meta property=\"og:site_name\" content=\"Carexperience\" \/>\n<meta property=\"article:modified_time\" content=\"2025-03-26T21:49:02+00:00\" \/>\n<meta name=\"twitter:card\" content=\"summary_large_image\" \/>\n<script type=\"application\/ld+json\" class=\"yoast-schema-graph\">{\"@context\":\"https:\\\/\\\/schema.org\",\"@graph\":[{\"@type\":\"WebPage\",\"@id\":\"https:\\\/\\\/car.sventhuerauf.de\\\/impressum\\\/\",\"url\":\"https:\\\/\\\/car.sventhuerauf.de\\\/impressum\\\/\",\"name\":\"Impressum - Carexperience\",\"isPartOf\":{\"@id\":\"https:\\\/\\\/car.sventhuerauf.de\\\/#website\"},\"datePublished\":\"2025-02-18T18:54:18+00:00\",\"dateModified\":\"2025-03-26T21:49:02+00:00\",\"breadcrumb\":{\"@id\":\"https:\\\/\\\/car.sventhuerauf.de\\\/impressum\\\/#breadcrumb\"},\"inLanguage\":\"en-US\",\"potentialAction\":[{\"@type\":\"ReadAction\",\"target\":[\"https:\\\/\\\/car.sventhuerauf.de\\\/impressum\\\/\"]}]},{\"@type\":\"BreadcrumbList\",\"@id\":\"https:\\\/\\\/car.sventhuerauf.de\\\/impressum\\\/#breadcrumb\",\"itemListElement\":[{\"@type\":\"ListItem\",\"position\":1,\"name\":\"Startseite\",\"item\":\"https:\\\/\\\/car.sventhuerauf.de\\\/\"},{\"@type\":\"ListItem\",\"position\":2,\"name\":\"Impressum\"}]},{\"@type\":\"WebSite\",\"@id\":\"https:\\\/\\\/car.sventhuerauf.de\\\/#website\",\"url\":\"https:\\\/\\\/car.sventhuerauf.de\\\/\",\"name\":\"Carexperience\",\"description\":\"Automotive, Events &amp; Logistics\",\"publisher\":{\"@id\":\"https:\\\/\\\/car.sventhuerauf.de\\\/#organization\"},\"potentialAction\":[{\"@type\":\"SearchAction\",\"target\":{\"@type\":\"EntryPoint\",\"urlTemplate\":\"https:\\\/\\\/car.sventhuerauf.de\\\/?s={search_term_string}\"},\"query-input\":{\"@type\":\"PropertyValueSpecification\",\"valueRequired\":true,\"valueName\":\"search_term_string\"}}],\"inLanguage\":\"en-US\"},{\"@type\":\"Organization\",\"@id\":\"https:\\\/\\\/car.sventhuerauf.de\\\/#organization\",\"name\":\"Carexperience GmbH\",\"url\":\"https:\\\/\\\/car.sventhuerauf.de\\\/\",\"logo\":{\"@type\":\"ImageObject\",\"inLanguage\":\"en-US\",\"@id\":\"https:\\\/\\\/car.sventhuerauf.de\\\/#\\\/schema\\\/logo\\\/image\\\/\",\"url\":\"https:\\\/\\\/car.sventhuerauf.de\\\/wp-content\\\/uploads\\\/2024\\\/10\\\/CE_Logo_2c_Claim_black.png\",\"contentUrl\":\"https:\\\/\\\/car.sventhuerauf.de\\\/wp-content\\\/uploads\\\/2024\\\/10\\\/CE_Logo_2c_Claim_black.png\",\"width\":1002,\"height\":133,\"caption\":\"Carexperience GmbH\"},\"image\":{\"@id\":\"https:\\\/\\\/car.sventhuerauf.de\\\/#\\\/schema\\\/logo\\\/image\\\/\"}}]}<\/script>\n<!-- \/ Yoast SEO plugin. -->","yoast_head_json":{"title":"Impressum - Carexperience","robots":{"index":"noindex","follow":"follow","max-snippet":"max-snippet:-1","max-image-preview":"max-image-preview:large","max-video-preview":"max-video-preview:-1"},"og_locale":"en_US","og_type":"article","og_title":"Impressum - Carexperience","og_description":"Angaben gem\u00e4\u00df \u00a7 5 TMG: Car Experience GmbHMyliusstra\u00dfe 8951371 Leverkusen Vertreten durch:Marc Hartmann Kontakt:Tel: +49 221 \u2013 772 699 48Fax: +49 221 \u2013 772 699 54E-Mail: information@car-experience.com Registereintrag:Eintragung im Handelsregister. Registergericht:K\u00f6ln, Registernummer: HRB 118128 Umsatzsteuer-ID:Umsatzsteuer-Identifikationsnummer gem\u00e4\u00df \u00a727 a Umsatzsteuergesetz: DE293308211 Haftungsausschluss (Disclaimer) Haftung f\u00fcr InhalteAls Diensteanbieter sind wir gem\u00e4\u00df \u00a7 7 Abs.1 TMG f\u00fcr eigene [&hellip;]","og_url":"https:\/\/car.sventhuerauf.de\/en\/impressum\/","og_site_name":"Carexperience","article_modified_time":"2025-03-26T21:49:02+00:00","twitter_card":"summary_large_image","schema":{"@context":"https:\/\/schema.org","@graph":[{"@type":"WebPage","@id":"https:\/\/car.sventhuerauf.de\/impressum\/","url":"https:\/\/car.sventhuerauf.de\/impressum\/","name":"Impressum - Carexperience","isPartOf":{"@id":"https:\/\/car.sventhuerauf.de\/#website"},"datePublished":"2025-02-18T18:54:18+00:00","dateModified":"2025-03-26T21:49:02+00:00","breadcrumb":{"@id":"https:\/\/car.sventhuerauf.de\/impressum\/#breadcrumb"},"inLanguage":"en-US","potentialAction":[{"@type":"ReadAction","target":["https:\/\/car.sventhuerauf.de\/impressum\/"]}]},{"@type":"BreadcrumbList","@id":"https:\/\/car.sventhuerauf.de\/impressum\/#breadcrumb","itemListElement":[{"@type":"ListItem","position":1,"name":"Startseite","item":"https:\/\/car.sventhuerauf.de\/"},{"@type":"ListItem","position":2,"name":"Impressum"}]},{"@type":"WebSite","@id":"https:\/\/car.sventhuerauf.de\/#website","url":"https:\/\/car.sventhuerauf.de\/","name":"Carexperience","description":"Automotive, Events &amp; Logistics","publisher":{"@id":"https:\/\/car.sventhuerauf.de\/#organization"},"potentialAction":[{"@type":"SearchAction","target":{"@type":"EntryPoint","urlTemplate":"https:\/\/car.sventhuerauf.de\/?s={search_term_string}"},"query-input":{"@type":"PropertyValueSpecification","valueRequired":true,"valueName":"search_term_string"}}],"inLanguage":"en-US"},{"@type":"Organization","@id":"https:\/\/car.sventhuerauf.de\/#organization","name":"Carexperience GmbH","url":"https:\/\/car.sventhuerauf.de\/","logo":{"@type":"ImageObject","inLanguage":"en-US","@id":"https:\/\/car.sventhuerauf.de\/#\/schema\/logo\/image\/","url":"https:\/\/car.sventhuerauf.de\/wp-content\/uploads\/2024\/10\/CE_Logo_2c_Claim_black.png","contentUrl":"https:\/\/car.sventhuerauf.de\/wp-content\/uploads\/2024\/10\/CE_Logo_2c_Claim_black.png","width":1002,"height":133,"caption":"Carexperience GmbH"},"image":{"@id":"https:\/\/car.sventhuerauf.de\/#\/schema\/logo\/image\/"}}]}},"_links":{"self":[{"href":"https:\/\/car.sventhuerauf.de\/en\/wp-json\/wp\/v2\/pages\/276","targetHints":{"allow":["GET"]}}],"collection":[{"href":"https:\/\/car.sventhuerauf.de\/en\/wp-json\/wp\/v2\/pages"}],"about":[{"href":"https:\/\/car.sventhuerauf.de\/en\/wp-json\/wp\/v2\/types\/page"}],"author":[{"embeddable":true,"href":"https:\/\/car.sventhuerauf.de\/en\/wp-json\/wp\/v2\/users\/1"}],"replies":[{"embeddable":true,"href":"https:\/\/car.sventhuerauf.de\/en\/wp-json\/wp\/v2\/comments?post=276"}],"version-history":[{"count":15,"href":"https:\/\/car.sventhuerauf.de\/en\/wp-json\/wp\/v2\/pages\/276\/revisions"}],"predecessor-version":[{"id":446,"href":"https:\/\/car.sventhuerauf.de\/en\/wp-json\/wp\/v2\/pages\/276\/revisions\/446"}],"wp:attachment":[{"href":"https:\/\/car.sventhuerauf.de\/en\/wp-json\/wp\/v2\/media?parent=276"}],"curies":[{"name":"wp","href":"https:\/\/api.w.org\/{rel}","templated":true}]}}